{"id":76,"date":"2024-05-22T17:18:47","date_gmt":"2024-05-22T15:18:47","guid":{"rendered":"https:\/\/choeursdecarcassonne.fr\/?page_id=76"},"modified":"2026-01-19T09:45:55","modified_gmt":"2026-01-19T08:45:55","slug":"accueil","status":"publish","type":"page","link":"https:\/\/choeursdecarcassonne.fr\/","title":{"rendered":"ACCUEIL"},"content":{"rendered":"<p><\/p>\r\n<p style=\"text-align: center;\">\u00a0<\/p>\r\n<p class=\"has-text-align-center\" style=\"text-align: center;\"><span style=\"font-size: 28px;\"><strong>Bienvenue sur le site des Choeurs de Carcassonne<\/strong><\/span><\/p>\r\n<p><a href=\"https:\/\/choeursdecarcassonne.fr\/index.php\/accueil\/dans-le-jardin-de-nd-abbaye-noel-2025\/\" rel=\"attachment wp-att-1345\"><img loading=\"lazy\" decoding=\"async\" class=\" wp-image-1345 aligncenter\" src=\"http:\/\/choeursdecarcassonne.fr\/wp-content\/uploads\/2025\/12\/dans-le-jardin-de-ND-Abbaye-Noel-2025-300x225.jpg\" alt=\"\" width=\"488\" height=\"366\" srcset=\"https:\/\/choeursdecarcassonne.fr\/wp-content\/uploads\/2025\/12\/dans-le-jardin-de-ND-Abbaye-Noel-2025-300x225.jpg 300w, https:\/\/choeursdecarcassonne.fr\/wp-content\/uploads\/2025\/12\/dans-le-jardin-de-ND-Abbaye-Noel-2025-768x576.jpg 768w, https:\/\/choeursdecarcassonne.fr\/wp-content\/uploads\/2025\/12\/dans-le-jardin-de-ND-Abbaye-Noel-2025-360x270.jpg 360w, https:\/\/choeursdecarcassonne.fr\/wp-content\/uploads\/2025\/12\/dans-le-jardin-de-ND-Abbaye-Noel-2025.jpg 800w\" sizes=\"auto, (max-width: 488px) 100vw, 488px\" \/><\/a> \u00a0 \u00a0 \u00a0 \u00a0<\/p>\r\n<p style=\"text-align: center;\">\u00a0 \u00a0 \u00a0<strong>Vous aimez chanter ? Alors venez nous rejoindre !<\/strong><\/p>\r\n<p style=\"text-align: center;\"><strong>L&rsquo;association \u00ab\u00a0les Choeurs de Carcassonne\u00a0\u00bb est ouverte \u00e0 tous les amateurs<\/strong><\/p>\r\n<p style=\"text-align: center;\"><strong>Il n&rsquo;est pas indispensable de conna\u00eetre le solf\u00e8ge ou de lire couramment la musique.<\/strong><\/p>\r\n<p style=\"text-align: center;\"><strong>L&rsquo;assiduit\u00e9, l&rsquo;apprentissage et le s\u00e9rieux aux r\u00e9p\u00e9titions permettent de s&rsquo;exprimer dans le groupe et d&rsquo;y trouver sa place.<\/strong><\/p>\r\n<p style=\"text-align: center;\"><strong><span style=\"font-family: helvetica, arial, sans-serif;\">\u00a0 \u00a0 \u00a0 \u00a0 \u00a0 \u00a0 \u00a0 \u00a0 \u00a0 \u00a0<\/span><\/strong><\/p>\r\n<pre style=\"text-align: center;\"><span style=\"font-family: verdana, geneva, sans-serif;\"><strong>Devenir choriste, c'est aussi le partage de convivialit\u00e9, de trac avant concert\r\net parfois, tout simplement de rompre la solitude. <\/strong><\/span>\r\n<span style=\"font-family: verdana, geneva, sans-serif;\"><strong>Jeunes ou moins jeunes, d\u00e9butants, chevronn\u00e9s, hommes ou femmes, <\/strong><\/span>\r\n<span style=\"font-family: 'comic sans ms', sans-serif;\"><strong><span style=\"font-family: verdana, geneva, sans-serif;\">quelque soit le registre de votre voix vous \u00eates les bienvenus.<\/span> <\/strong><\/span><\/pre>\r\n<p><\/p>\r\n<p><\/p>\r\n<div class=\"wp-block-group\">\r\n<pre style=\"text-align: center;\"><span style=\"font-family: 'andale mono', monospace; color: #000080;\"><em><strong>Nous nous retrouvons chaque mardi de 20 h 30 \u00e0 22 h 30 <\/strong>\r\n<\/em><\/span><strong><span style=\"font-family: 'andale mono', monospace; color: #000080;\"><em>dans une salle au 1er \u00e9tage de Notre-Dame de l'Abbaye<\/em><\/span>\r\n<span style=\"font-family: 'andale mono', monospace; color: #000080;\"><em>103, rue Trivalle \u00e0 Carcassonne.<\/em><\/span>\r\n***\r\n<span style=\"font-size: 12px;\">La cotisation annuelle \u00e0 l'association est de 70 euros<\/span>\r\n<\/strong><\/pre>\r\n<p><\/p>\r\n<\/div>\r\n<p><!-- \/wp:post-content --><\/p>","protected":false},"excerpt":{"rendered":"<p>\u00a0 Bienvenue sur le site des Choeurs de Carcassonne \u00a0 \u00a0 \u00a0 \u00a0 \u00a0 \u00a0 \u00a0Vous aimez chanter ? Alors venez nous rejoindre ! L&rsquo;association \u00ab\u00a0les Choeurs de Carcassonne\u00a0\u00bb est ouverte \u00e0 tous les amateurs Il n&rsquo;est pas indispensable de conna\u00eetre le solf\u00e8ge ou de lire couramment la musique. L&rsquo;assiduit\u00e9, l&rsquo;apprentissage et le s\u00e9rieux aux r\u00e9p\u00e9titions permettent de s&rsquo;exprimer dans le groupe et d&rsquo;y trouver sa place. \u00a0 \u00a0 \u00a0 \u00a0 \u00a0 \u00a0 \u00a0 \u00a0 \u00a0 \u00a0 Devenir choriste, c&rsquo;est&#8230;<\/p>\n<p class=\"read-more\"><a class=\"btn btn-default\" href=\"https:\/\/choeursdecarcassonne.fr\/\">Lire la suite<span class=\"screen-reader-text\"> Lire la suite<\/span><\/a><\/p>\n","protected":false},"author":1,"featured_media":0,"parent":0,"menu_order":0,"comment_status":"closed","ping_status":"closed","template":"","meta":{"footnotes":""},"class_list":["post-76","page","type-page","status-publish","hentry"],"_links":{"self":[{"href":"https:\/\/choeursdecarcassonne.fr\/index.php\/wp-json\/wp\/v2\/pages\/76","targetHints":{"allow":["GET"]}}],"collection":[{"href":"https:\/\/choeursdecarcassonne.fr\/index.php\/wp-json\/wp\/v2\/pages"}],"about":[{"href":"https:\/\/choeursdecarcassonne.fr\/index.php\/wp-json\/wp\/v2\/types\/page"}],"author":[{"embeddable":true,"href":"https:\/\/choeursdecarcassonne.fr\/index.php\/wp-json\/wp\/v2\/users\/1"}],"replies":[{"embeddable":true,"href":"https:\/\/choeursdecarcassonne.fr\/index.php\/wp-json\/wp\/v2\/comments?post=76"}],"version-history":[{"count":56,"href":"https:\/\/choeursdecarcassonne.fr\/index.php\/wp-json\/wp\/v2\/pages\/76\/revisions"}],"predecessor-version":[{"id":1501,"href":"https:\/\/choeursdecarcassonne.fr\/index.php\/wp-json\/wp\/v2\/pages\/76\/revisions\/1501"}],"wp:attachment":[{"href":"https:\/\/choeursdecarcassonne.fr\/index.php\/wp-json\/wp\/v2\/media?parent=76"}],"curies":[{"name":"wp","href":"https:\/\/api.w.org\/{rel}","templated":true}]}}