{"id":40,"date":"2024-05-22T17:01:10","date_gmt":"2024-05-22T15:01:10","guid":{"rendered":"https:\/\/choeursdecarcassonne.fr\/?page_id=40"},"modified":"2024-05-24T11:22:42","modified_gmt":"2024-05-24T09:22:42","slug":"le-chef","status":"publish","type":"page","link":"https:\/\/choeursdecarcassonne.fr\/index.php\/le-chef\/","title":{"rendered":"LE CHEF"},"content":{"rendered":"<p><\/p>\r\n<figure class=\"wp-block-gallery has-nested-images columns-default is-cropped\">\r\n<pre class=\"wp-block-image size-large\"><img loading=\"lazy\" decoding=\"async\" class=\"aligncenter wp-image-259 \" src=\"http:\/\/choeursdecarcassonne.fr\/wp-content\/uploads\/2024\/05\/JMarc-150x150.jpg\" alt=\"\" width=\"211\" height=\"211\" \/><\/pre>\r\n<p><\/p>\r\n<\/figure>\r\n<p><!-- \/wp:post-content --><\/p>\r\n<p><!-- wp:paragraph {\"align\":\"center\"} --><\/p>\r\n<h2 class=\"has-text-align-center\" style=\"text-align: center;\"><span style=\"font-family: tahoma, arial, helvetica, sans-serif; font-size: 12px;\"><strong><em> Jean-Marc MIQUEL <\/em><\/strong><\/span><\/h2>\r\n<pre class=\"has-text-align-center\" style=\"text-align: center;\"><span style=\"font-family: tahoma, arial, helvetica, sans-serif; font-size: 12px;\"><strong><em>    directeur musical des Ch\u0153urs et de l\u2019orchestre d\u2019Harmonie de Carcassonne<\/em><\/strong><\/span><\/pre>\r\n<p><!-- \/wp:paragraph --><\/p>\r\n<p><!-- wp:group {\"layout\":{\"type\":\"flex\",\"orientation\":\"vertical\",\"justifyContent\":\"center\"}} --><\/p>\r\n<div class=\"wp-block-group\">\r\n<p><!-- wp:group {\"layout\":{\"type\":\"constrained\"}} --><\/p>\r\n<div class=\"wp-block-group\">\r\n<p><!-- wp:paragraph {\"align\":\"center\"} --><\/p>\r\n<p>&nbsp;<\/p>\r\n<p class=\"has-text-align-center\"><span style=\"font-family: tahoma, arial, helvetica, sans-serif; font-size: 12px;\"><strong>N\u00e9 \u00e0 Carcassonne, Jean-Marc MIQUEL a poursuivi des \u00e9tudes musicales au CNR de Toulouse. Il a obtenu diff\u00e9rents prix et r\u00e9compenses (notamment plusieurs m\u00e9dailles d\u2019or) en clarinette, saxophone, en musique de chambre, en d\u00e9chiffrage et en formation musicale.<\/strong> <\/span><strong><span style=\"font-family: tahoma, arial, helvetica, sans-serif; font-size: 12px;\">En 1982 il entre \u00e0 la Musique de l\u2019Air \u00e0 Paris pou<\/span>r <span style=\"font-family: tahoma, arial, helvetica, sans-serif; font-size: 12px;\">trois ans ; il y travaille avec de grands Ma\u00eetres de la clarinette, tels que Guy Deplus, Maurice Gabal, Charles Million et Jacques Lancelot et y obtient, \u00e0 l\u2019issue de ses trois ann\u00e9es un prix d\u2019honneur d\u00e9cern\u00e9 par Jean Francaix.<\/span><\/strong><span style=\"font-family: tahoma, arial, helvetica, sans-serif; font-size: 12px;\"> <strong>C\u2019est \u00e0 cette m\u00eame \u00e9poque qu\u2019il travaille la direction d\u2019orchestre avec le Commandant Delli.<\/strong> <strong>De retour \u00e0 Carcassonne, il est nomm\u00e9 professeur de clarinette et de saxophone et cr\u00e9e l\u2019orchestre d\u2019harmonie avec lequel il obtient trois titres nationaux\u00a0 \u00e0 la Conf\u00e9d\u00e9ration Musicale de France.<\/strong> <strong>En tant que musicien compl\u00e9mentaire au Capitole de Toulouse, il croise la route de Claude Cuguillere et quelques temps apr\u00e8s, il int\u00e8gre l\u2019orchestre Melodia.<\/strong><\/span><\/p>\r\n<p><span style=\"font-family: tahoma, arial, helvetica, sans-serif; font-size: 12px;\"><!-- \/wp:paragraph --><\/span><\/p>\r\n<p><span style=\"font-family: tahoma, arial, helvetica, sans-serif; font-size: 12px;\"><!-- wp:paragraph {\"align\":\"center\"} --><\/span><\/p>\r\n<p class=\"has-text-align-center\"><span style=\"font-family: tahoma, arial, helvetica, sans-serif; font-size: 12px;\"><strong>Parall\u00e8lement \u00e0 ses activit\u00e9s instrumentales, Jean-Marc Miquel dirige diff\u00e9rents orchestres et chorales avec lesquelles il a mont\u00e9 des oeuvres majeures, telles que le Requiem de Mozart, Hispanias Miticas et autres airs d\u2019op\u00e9ra.<\/strong><\/span><\/p>\r\n<p><span style=\"font-family: tahoma, arial, helvetica, sans-serif; font-size: 12px;\"><!-- \/wp:paragraph --><\/span><\/p>\r\n<p><span style=\"font-family: tahoma, arial, helvetica, sans-serif; font-size: 12px;\"><!-- wp:paragraph {\"align\":\"center\"} --><\/span><\/p>\r\n<p class=\"has-text-align-center\"><span style=\"font-family: tahoma, arial, helvetica, sans-serif; font-size: 12px;\"><strong>Sollicit\u00e9 pour prendre la direction musicale de l\u2019orchestre Melodia, Jean-Marc Miquel assure cette fonction avec la volont\u00e9 de s\u2019inscrire dans la continuit\u00e9 et de perp\u00e9tuer le travail accompli. Il a d\u00e9j\u00e0 dirig\u00e9 : F\u00e9\u00e9rie Viennoise, La Chauve-Souris, Le Pays du Sourire, La Belle de Cadix\u2026<\/strong><\/span><\/p>\r\n<p><span style=\"font-family: tahoma, arial, helvetica, sans-serif; font-size: 12px;\"><!-- \/wp:paragraph --><\/span><\/p>\r\n<p><span style=\"font-family: tahoma, arial, helvetica, sans-serif; font-size: 12px;\"><!-- wp:paragraph {\"align\":\"center\"} --><\/span><\/p>\r\n<p class=\"has-text-align-center\"><span style=\"font-family: tahoma, arial, helvetica, sans-serif; font-size: 12px;\"><strong>Succ\u00e9dant \u00e0 son p\u00e8re, Jacques Miquel, il prend la direction musicale des Ch\u0153urs de Carcassonne, r\u00e9unissant sous sa baguette les musiciens de l\u2019orchestre d\u2019harmonie et les choristes de Carcassonne<\/strong>.<\/span><\/p>\r\n<p><!-- \/wp:paragraph --><\/p>\r\n<\/div>\r\n<p><!-- \/wp:group --><\/p>\r\n<\/div>\r\n<p><!-- \/wp:group --><\/p>","protected":false},"excerpt":{"rendered":"<p>Jean-Marc MIQUEL directeur musical des Ch\u0153urs et de l\u2019orchestre d\u2019Harmonie de Carcassonne &nbsp; N\u00e9 \u00e0 Carcassonne, Jean-Marc MIQUEL a poursuivi des \u00e9tudes musicales au CNR de Toulouse. Il a obtenu diff\u00e9rents prix et r\u00e9compenses (notamment plusieurs m\u00e9dailles d\u2019or) en clarinette, saxophone, en musique de chambre, en d\u00e9chiffrage et en formation musicale. En 1982 il entre \u00e0 la Musique de l\u2019Air \u00e0 Paris pour trois ans ; il y travaille avec de grands Ma\u00eetres de la clarinette, tels que Guy Deplus,&#8230;<\/p>\n<p class=\"read-more\"><a class=\"btn btn-default\" href=\"https:\/\/choeursdecarcassonne.fr\/index.php\/le-chef\/\">Lire la suite<span class=\"screen-reader-text\"> Lire la suite<\/span><\/a><\/p>\n","protected":false},"author":1,"featured_media":0,"parent":0,"menu_order":0,"comment_status":"closed","ping_status":"closed","template":"","meta":{"footnotes":""},"class_list":["post-40","page","type-page","status-publish","hentry"],"_links":{"self":[{"href":"https:\/\/choeursdecarcassonne.fr\/index.php\/wp-json\/wp\/v2\/pages\/40","targetHints":{"allow":["GET"]}}],"collection":[{"href":"https:\/\/choeursdecarcassonne.fr\/index.php\/wp-json\/wp\/v2\/pages"}],"about":[{"href":"https:\/\/choeursdecarcassonne.fr\/index.php\/wp-json\/wp\/v2\/types\/page"}],"author":[{"embeddable":true,"href":"https:\/\/choeursdecarcassonne.fr\/index.php\/wp-json\/wp\/v2\/users\/1"}],"replies":[{"embeddable":true,"href":"https:\/\/choeursdecarcassonne.fr\/index.php\/wp-json\/wp\/v2\/comments?post=40"}],"version-history":[{"count":8,"href":"https:\/\/choeursdecarcassonne.fr\/index.php\/wp-json\/wp\/v2\/pages\/40\/revisions"}],"predecessor-version":[{"id":474,"href":"https:\/\/choeursdecarcassonne.fr\/index.php\/wp-json\/wp\/v2\/pages\/40\/revisions\/474"}],"wp:attachment":[{"href":"https:\/\/choeursdecarcassonne.fr\/index.php\/wp-json\/wp\/v2\/media?parent=40"}],"curies":[{"name":"wp","href":"https:\/\/api.w.org\/{rel}","templated":true}]}}