{"id":105,"date":"2024-05-22T18:53:02","date_gmt":"2024-05-22T16:53:02","guid":{"rendered":"https:\/\/choeursdecarcassonne.fr\/?page_id=105"},"modified":"2025-06-26T10:07:00","modified_gmt":"2025-06-26T08:07:00","slug":"videos","status":"publish","type":"page","link":"https:\/\/choeursdecarcassonne.fr\/index.php\/videos\/","title":{"rendered":"VIDEOS"},"content":{"rendered":"\r\n<p>R\u00e9p\u00e9titions Traviata<\/p>\r\n<p>26 mai avec Cyril<\/p>\r\n<audio class=\"wp-audio-shortcode\" id=\"audio-105-1\" preload=\"none\" style=\"width: 100%;\" controls=\"controls\"><source type=\"audio\/mpeg\" src=\"http:\/\/choeursdecarcassonne.fr\/wp-content\/uploads\/2025\/04\/Repetition-Carcassonne-26-04-25-avec-Cyril.m4a?_=1\" \/><a href=\"http:\/\/choeursdecarcassonne.fr\/wp-content\/uploads\/2025\/04\/Repetition-Carcassonne-26-04-25-avec-Cyril.m4a\">http:\/\/choeursdecarcassonne.fr\/wp-content\/uploads\/2025\/04\/Repetition-Carcassonne-26-04-25-avec-Cyril.m4a<\/a><\/audio>\r\n<p>R\u00e9p\u00e9tition \u00e0 Toulouse 7 juin avec Cyril et le Maestro\u00a0 Claude Cuguill\u00e8re<\/p>\r\n<div style=\"width: 640px;\" class=\"wp-video\"><video class=\"wp-video-shortcode\" id=\"video-105-1\" width=\"640\" height=\"362\" preload=\"metadata\" controls=\"controls\"><source type=\"video\/mp4\" src=\"http:\/\/choeursdecarcassonne.fr\/wp-content\/uploads\/2025\/06\/VID-20250607-WA0031.mp4?_=1\" \/><a href=\"http:\/\/choeursdecarcassonne.fr\/wp-content\/uploads\/2025\/06\/VID-20250607-WA0031.mp4\">http:\/\/choeursdecarcassonne.fr\/wp-content\/uploads\/2025\/06\/VID-20250607-WA0031.mp4<\/a><\/video><\/div>\r\n<div style=\"width: 640px;\" class=\"wp-video\"><video class=\"wp-video-shortcode\" id=\"video-105-2\" width=\"640\" height=\"362\" preload=\"metadata\" controls=\"controls\"><source type=\"video\/mp4\" src=\"http:\/\/choeursdecarcassonne.fr\/wp-content\/uploads\/2025\/06\/VID-20250607-WA0034.mp4?_=2\" \/><a href=\"http:\/\/choeursdecarcassonne.fr\/wp-content\/uploads\/2025\/06\/VID-20250607-WA0034.mp4\">http:\/\/choeursdecarcassonne.fr\/wp-content\/uploads\/2025\/06\/VID-20250607-WA0034.mp4<\/a><\/video><\/div>\r\n<div style=\"width: 640px;\" class=\"wp-video\"><video class=\"wp-video-shortcode\" id=\"video-105-3\" width=\"640\" height=\"362\" preload=\"metadata\" controls=\"controls\"><source type=\"video\/mp4\" src=\"http:\/\/choeursdecarcassonne.fr\/wp-content\/uploads\/2025\/06\/VID-20250607-WA0038.mp4?_=3\" \/><a href=\"http:\/\/choeursdecarcassonne.fr\/wp-content\/uploads\/2025\/06\/VID-20250607-WA0038.mp4\">http:\/\/choeursdecarcassonne.fr\/wp-content\/uploads\/2025\/06\/VID-20250607-WA0038.mp4<\/a><\/video><\/div>\r\n<div style=\"width: 640px;\" class=\"wp-video\"><video class=\"wp-video-shortcode\" id=\"video-105-4\" width=\"640\" height=\"362\" preload=\"metadata\" controls=\"controls\"><source type=\"video\/mp4\" src=\"http:\/\/choeursdecarcassonne.fr\/wp-content\/uploads\/2025\/06\/VID-20250607-WA0039.mp4?_=4\" \/><a href=\"http:\/\/choeursdecarcassonne.fr\/wp-content\/uploads\/2025\/06\/VID-20250607-WA0039.mp4\">http:\/\/choeursdecarcassonne.fr\/wp-content\/uploads\/2025\/06\/VID-20250607-WA0039.mp4<\/a><\/video><\/div>\r\n<div style=\"width: 640px;\" class=\"wp-video\"><video class=\"wp-video-shortcode\" id=\"video-105-5\" width=\"640\" height=\"362\" preload=\"metadata\" controls=\"controls\"><source type=\"video\/mp4\" src=\"http:\/\/choeursdecarcassonne.fr\/wp-content\/uploads\/2025\/06\/VID-20250607-WA0040.mp4?_=5\" \/><a href=\"http:\/\/choeursdecarcassonne.fr\/wp-content\/uploads\/2025\/06\/VID-20250607-WA0040.mp4\">http:\/\/choeursdecarcassonne.fr\/wp-content\/uploads\/2025\/06\/VID-20250607-WA0040.mp4<\/a><\/video><\/div>\r\n<p>&nbsp;<\/p>\r\n<p>&nbsp;<\/p>\r\n<p>&nbsp;<\/p>\r\n<p>&nbsp;<\/p>\r\n<p>Concerts de No\u00ebl 2023<\/p>\r\n<div style=\"width: 640px;\" class=\"wp-video\"><video class=\"wp-video-shortcode\" id=\"video-105-6\" width=\"640\" height=\"288\" preload=\"metadata\" controls=\"controls\"><source type=\"video\/mp4\" src=\"http:\/\/choeursdecarcassonne.fr\/wp-content\/uploads\/2024\/05\/Entre-le-boeuf-reprise-bis.mp4?_=6\" \/><a href=\"http:\/\/choeursdecarcassonne.fr\/wp-content\/uploads\/2024\/05\/Entre-le-boeuf-reprise-bis.mp4\">http:\/\/choeursdecarcassonne.fr\/wp-content\/uploads\/2024\/05\/Entre-le-boeuf-reprise-bis.mp4<\/a><\/video><\/div>\r\n<p>&nbsp;<\/p>\r\n\r\n","protected":false},"excerpt":{"rendered":"<p>R\u00e9p\u00e9titions Traviata 26 mai avec Cyril R\u00e9p\u00e9tition \u00e0 Toulouse 7 juin avec Cyril et le Maestro\u00a0 Claude Cuguill\u00e8re &nbsp; &nbsp; &nbsp; &nbsp; Concerts de No\u00ebl 2023 &nbsp;<\/p>\n","protected":false},"author":1,"featured_media":0,"parent":0,"menu_order":0,"comment_status":"closed","ping_status":"closed","template":"","meta":{"footnotes":""},"class_list":["post-105","page","type-page","status-publish","hentry"],"_links":{"self":[{"href":"https:\/\/choeursdecarcassonne.fr\/index.php\/wp-json\/wp\/v2\/pages\/105","targetHints":{"allow":["GET"]}}],"collection":[{"href":"https:\/\/choeursdecarcassonne.fr\/index.php\/wp-json\/wp\/v2\/pages"}],"about":[{"href":"https:\/\/choeursdecarcassonne.fr\/index.php\/wp-json\/wp\/v2\/types\/page"}],"author":[{"embeddable":true,"href":"https:\/\/choeursdecarcassonne.fr\/index.php\/wp-json\/wp\/v2\/users\/1"}],"replies":[{"embeddable":true,"href":"https:\/\/choeursdecarcassonne.fr\/index.php\/wp-json\/wp\/v2\/comments?post=105"}],"version-history":[{"count":6,"href":"https:\/\/choeursdecarcassonne.fr\/index.php\/wp-json\/wp\/v2\/pages\/105\/revisions"}],"predecessor-version":[{"id":286,"href":"https:\/\/choeursdecarcassonne.fr\/index.php\/wp-json\/wp\/v2\/pages\/105\/revisions\/286"}],"wp:attachment":[{"href":"https:\/\/choeursdecarcassonne.fr\/index.php\/wp-json\/wp\/v2\/media?parent=105"}],"curies":[{"name":"wp","href":"https:\/\/api.w.org\/{rel}","templated":true}]}}